{"id":2165,"date":"2024-10-10T15:26:01","date_gmt":"2024-10-10T13:26:01","guid":{"rendered":"https:\/\/metapro-service.fr\/?post_type=product&#038;p=2165"},"modified":"2024-11-06T20:23:28","modified_gmt":"2024-11-06T19:23:28","slug":"chaudiere-electrique-2-a-8-kw-reglable-kospel","status":"publish","type":"product","link":"https:\/\/metapro-service.fr\/index.php\/produit\/chaudiere-electrique-2-a-8-kw-reglable-kospel\/","title":{"rendered":"Chaudi\u00e8re \u00e9lectrique 2 \u00e0 8 kW r\u00e9glable Kospel"},"content":{"rendered":"<div class=\"o-product-detail-informations__description\">\n<p style=\"text-align: left;\">Chaudi\u00e8re \u00e9lectrique avec modulation \u00e9lectronique, \u00e0 employer avec un thermostat d&rsquo;ambiance. La chaudi\u00e8re \u00e9lectrique Kospel peut chauffer des radiateurs ou des planchers chauffants et peut s&rsquo;associer avec un pr\u00e9parateur d&rsquo;ECS. Vase d&rsquo;expansion 5 litres int\u00e9gr\u00e9 Puissances disponibles\u00a0(r\u00e9glable)\u00a0: &#8211; 2 \/ 4 \/ 6 \/ 8kW. 230 V Temp\u00e9ratures de sorties et r\u00e9glages de 20 \u00e0 85\u00b0C Classe \u00e9nerg\u00e9tique Label D. Garantie 2 ans. Conformit\u00e9 CE.<\/p>\n<\/div>\n<table class=\"o-product-features alignleft\" role=\"presentation\" data-cerberus=\"TABLE_AttributesProduct\">\n<caption class=\"kl-hidden-accessibility\">\u00a0<\/caption>\n<tbody>\n<tr class=\"m-product-attr-row\">\n<th class=\"m-product-attr-row__name\" scope=\"row\">Marque du produit<\/th>\n<td class=\"m-product-attr-row__value\">KOSPEL<\/td>\n<\/tr>\n<tr class=\"m-product-attr-row\">\n<th class=\"m-product-attr-row__name\" scope=\"row\">Production d&rsquo;eau chaude<\/th>\n<td class=\"m-product-attr-row__value\">Chauffage seul<\/td>\n<\/tr>\n<tr class=\"m-product-attr-row\">\n<th class=\"m-product-attr-row__name\" scope=\"row\">Largeur (en cm)<\/th>\n<td class=\"m-product-attr-row__value\">31.6<\/td>\n<\/tr>\n<tr class=\"m-product-attr-row\">\n<th class=\"m-product-attr-row__name\" scope=\"row\">Hauteur (en cm)<\/th>\n<td class=\"m-product-attr-row__value\">71.6<\/td>\n<\/tr>\n<tr class=\"m-product-attr-row\">\n<th class=\"m-product-attr-row__name\" scope=\"row\">Profondeur (en cm)<\/th>\n<td class=\"m-product-attr-row__value\">23.5<\/td>\n<\/tr>\n<tr class=\"m-product-attr-row\">\n<th class=\"m-product-attr-row__name\" scope=\"row\">Classe \u00e9nerg\u00e9tique (A+++ \u00e0 D)<\/th>\n<td class=\"m-product-attr-row__value\">D<\/td>\n<\/tr>\n<tr class=\"m-product-attr-row\">\n<th class=\"m-product-attr-row__name\" scope=\"row\">Usage du produit<\/th>\n<td class=\"m-product-attr-row__value\">Chauffage et production d&rsquo;eau chaude microaccumul\u00e9e<\/td>\n<\/tr>\n<\/tbody>\n<\/table>\n","protected":false},"excerpt":{"rendered":"<p style=\"text-align: left;\"><strong>Caract\u00e9ristiques principales<\/strong><\/p>\n<ul>\n<li style=\"text-align: left;\"><strong>Chaudi\u00e8re \u00e9lectrique Kospel<\/strong> avec modulation \u00e9lectronique, id\u00e9ale pour le chauffage de radiateurs et planchers chauffants.<\/li>\n<li style=\"text-align: left;\"><strong>Compatibilit\u00e9 avec un thermostat d&rsquo;ambiance<\/strong> pour une gestion pr\u00e9cise de la temp\u00e9rature.<\/li>\n<li style=\"text-align: left;\"><strong>Puissance r\u00e9glable de 2 \u00e0 8 kW<\/strong> en 230 V, offrant une souplesse d&rsquo;utilisation en fonction des besoins.<\/li>\n<li style=\"text-align: left;\"><strong>Temp\u00e9rature de sortie r\u00e9glable de 20 \u00e0 85 \u00b0C<\/strong>, adapt\u00e9e \u00e0 diverses applications de chauffage.<\/li>\n<li style=\"text-align: left;\"><strong>Classe \u00e9nerg\u00e9tique D<\/strong>, conforme aux normes CE, avec une garantie de 2 ans.<\/li>\n<li style=\"text-align: left;\"><strong>Format compact<\/strong> (H x L x P : 71,6 x 31,6 x 23,5 cm) avec un vase d&rsquo;expansion int\u00e9gr\u00e9 de 5 litres, facilitant une installation discr\u00e8te et optimis\u00e9e dans les espaces restreints.<\/li>\n<\/ul>\n","protected":false},"featured_media":2167,"template":"","meta":{"_eb_attr":"","site-sidebar-layout":"default","site-content-layout":"","ast-site-content-layout":"default","site-content-style":"default","site-sidebar-style":"default","ast-global-header-display":"","ast-banner-title-visibility":"","ast-main-header-display":"","ast-hfb-above-header-display":"","ast-hfb-below-header-display":"","ast-hfb-mobile-header-display":"","site-post-title":"","ast-breadcrumbs-content":"","ast-featured-img":"","footer-sml-layout":"","theme-transparent-header-meta":"default","adv-header-id-meta":"","stick-header-meta":"","header-above-stick-meta":"","header-main-stick-meta":"","header-below-stick-meta":"","astra-migrate-meta-layouts":"set","ast-page-background-enabled":"default","ast-page-background-meta":{"desktop":{"background-color":"var(--ast-global-color-4)","background-image":"","background-repeat":"repeat","background-position":"center center","background-size":"auto","background-attachment":"scroll","background-type":"","background-media":"","overlay-type":"","overlay-color":"","overlay-opacity":"","overlay-gradient":""},"tablet":{"background-color":"","background-image":"","background-repeat":"repeat","background-position":"center center","background-size":"auto","background-attachment":"scroll","background-type":"","background-media":"","overlay-type":"","overlay-color":"","overlay-opacity":"","overlay-gradient":""},"mobile":{"background-color":"","background-image":"","background-repeat":"repeat","background-position":"center center","background-size":"auto","background-attachment":"scroll","background-type":"","background-media":"","overlay-type":"","overlay-color":"","overlay-opacity":"","overlay-gradient":""}},"ast-content-background-meta":{"desktop":{"background-color":"var(--ast-global-color-5)","background-image":"","background-repeat":"repeat","background-position":"center center","background-size":"auto","background-attachment":"scroll","background-type":"","background-media":"","overlay-type":"","overlay-color":"","overlay-opacity":"","overlay-gradient":""},"tablet":{"background-color":"var(--ast-global-color-5)","background-image":"","background-repeat":"repeat","background-position":"center center","background-size":"auto","background-attachment":"scroll","background-type":"","background-media":"","overlay-type":"","overlay-color":"","overlay-opacity":"","overlay-gradient":""},"mobile":{"background-color":"var(--ast-global-color-5)","background-image":"","background-repeat":"repeat","background-position":"center center","background-size":"auto","background-attachment":"scroll","background-type":"","background-media":"","overlay-type":"","overlay-color":"","overlay-opacity":"","overlay-gradient":""}},"_joinchat":[]},"product_cat":[22],"product_tag":[],"class_list":{"0":"post-2165","1":"product","2":"type-product","3":"status-publish","4":"has-post-thumbnail","6":"product_cat-chaudiere","7":"pa_marque-kospel","8":"pa_type-de-chaudiere-electrique","9":"desktop-align-left","10":"tablet-align-left","11":"mobile-align-left","13":"first","14":"instock","15":"purchasable","16":"product-type-simple"},"yoast_head":"<!-- This site is optimized with the Yoast SEO plugin v24.3 - https:\/\/yoast.com\/wordpress\/plugins\/seo\/ -->\n<title>Chaudi\u00e8re \u00e9lectrique 2 \u00e0 8 kW r\u00e9glable Kospel -<\/title>\n<meta name=\"robots\" content=\"index, follow, max-snippet:-1, max-image-preview:large, max-video-preview:-1\" \/>\n<link rel=\"canonical\" href=\"https:\/\/metapro-service.fr\/index.php\/produit\/chaudiere-electrique-2-a-8-kw-reglable-kospel\/\" \/>\n<meta property=\"og:locale\" content=\"fr_FR\" \/>\n<meta property=\"og:type\" content=\"article\" \/>\n<meta property=\"og:title\" content=\"Chaudi\u00e8re \u00e9lectrique 2 \u00e0 8 kW r\u00e9glable Kospel -\" \/>\n<meta property=\"og:description\" content=\"Caract\u00e9ristiques principales    Chaudi\u00e8re \u00e9lectrique Kospel avec modulation \u00e9lectronique, id\u00e9ale pour le chauffage de radiateurs et planchers chauffants.  Compatibilit\u00e9 avec un thermostat d&#039;ambiance pour une gestion pr\u00e9cise de la temp\u00e9rature.  Puissance r\u00e9glable de 2 \u00e0 8 kW en 230 V, offrant une souplesse d&#039;utilisation en fonction des besoins.  Temp\u00e9rature de sortie r\u00e9glable de 20 \u00e0 85 \u00b0C, adapt\u00e9e \u00e0 diverses applications de chauffage.  Classe \u00e9nerg\u00e9tique D, conforme aux normes CE, avec une garantie de 2 ans.  Format compact (H x L x P : 71,6 x 31,6 x 23,5 cm) avec un vase d&#039;expansion int\u00e9gr\u00e9 de 5 litres, facilitant une installation discr\u00e8te et optimis\u00e9e dans les espaces restreints.\" \/>\n<meta property=\"og:url\" content=\"https:\/\/metapro-service.fr\/index.php\/produit\/chaudiere-electrique-2-a-8-kw-reglable-kospel\/\" \/>\n<meta property=\"article:publisher\" content=\"https:\/\/www.facebook.com\/profile.php?id=61565459049500&amp;is_tour_dismissed\" \/>\n<meta property=\"article:modified_time\" content=\"2024-11-06T19:23:28+00:00\" \/>\n<meta property=\"og:image\" content=\"https:\/\/metapro-service.fr\/wp-content\/uploads\/2024\/10\/6-3.png\" \/>\n\t<meta property=\"og:image:width\" content=\"500\" \/>\n\t<meta property=\"og:image:height\" content=\"500\" \/>\n\t<meta property=\"og:image:type\" content=\"image\/png\" \/>\n<meta name=\"twitter:card\" content=\"summary_large_image\" \/>\n<meta name=\"twitter:site\" content=\"@MetaproService\" \/>\n<meta name=\"twitter:label1\" content=\"Dur\u00e9e de lecture estim\u00e9e\" \/>\n\t<meta name=\"twitter:data1\" content=\"1 minute\" \/>\n<script type=\"application\/ld+json\" class=\"yoast-schema-graph\">{\"@context\":\"https:\/\/schema.org\",\"@graph\":[{\"@type\":\"WebPage\",\"@id\":\"https:\/\/metapro-service.fr\/index.php\/produit\/chaudiere-electrique-2-a-8-kw-reglable-kospel\/\",\"url\":\"https:\/\/metapro-service.fr\/index.php\/produit\/chaudiere-electrique-2-a-8-kw-reglable-kospel\/\",\"name\":\"Chaudi\u00e8re \u00e9lectrique 2 \u00e0 8 kW r\u00e9glable Kospel -\",\"isPartOf\":{\"@id\":\"https:\/\/metapro-service.fr\/#website\"},\"primaryImageOfPage\":{\"@id\":\"https:\/\/metapro-service.fr\/index.php\/produit\/chaudiere-electrique-2-a-8-kw-reglable-kospel\/#primaryimage\"},\"image\":{\"@id\":\"https:\/\/metapro-service.fr\/index.php\/produit\/chaudiere-electrique-2-a-8-kw-reglable-kospel\/#primaryimage\"},\"thumbnailUrl\":\"https:\/\/metapro-service.fr\/wp-content\/uploads\/2024\/10\/6-3.png\",\"datePublished\":\"2024-10-10T13:26:01+00:00\",\"dateModified\":\"2024-11-06T19:23:28+00:00\",\"breadcrumb\":{\"@id\":\"https:\/\/metapro-service.fr\/index.php\/produit\/chaudiere-electrique-2-a-8-kw-reglable-kospel\/#breadcrumb\"},\"inLanguage\":\"fr-FR\",\"potentialAction\":[{\"@type\":\"ReadAction\",\"target\":[\"https:\/\/metapro-service.fr\/index.php\/produit\/chaudiere-electrique-2-a-8-kw-reglable-kospel\/\"]}]},{\"@type\":\"ImageObject\",\"inLanguage\":\"fr-FR\",\"@id\":\"https:\/\/metapro-service.fr\/index.php\/produit\/chaudiere-electrique-2-a-8-kw-reglable-kospel\/#primaryimage\",\"url\":\"https:\/\/metapro-service.fr\/wp-content\/uploads\/2024\/10\/6-3.png\",\"contentUrl\":\"https:\/\/metapro-service.fr\/wp-content\/uploads\/2024\/10\/6-3.png\",\"width\":500,\"height\":500,\"caption\":\"Plombier Plombier14 Metapro service meta pro service metaproservice Plombier14e Plombier14\u00e9me Plombier paris Plombier 14\u00e9me arrondissement Plombier14e paris magasin de service plombier paris chaudi\u00e8re entretien de chaudi\u00e8re chauffagiste \u00e9lectricien Plombier Paris 14 Plombier 14\u00e8me arrondissement Urgence plomberie Paris 14 R\u00e9paration fuite eau Paris 14 D\u00e9bouchage canalisation 14\u00e8me Installation sanitaire Paris 14 Chauffagiste Paris 14 D\u00e9pannage plomberie 14\u00e8me Entretien chaudi\u00e8re Paris 14 Plombier pas cher Paris 14 Artisan plombier Paris 14 Plomberie g\u00e9n\u00e9rale 14\u00e8me Intervention rapide plombier 14\u00e8me Remplacement chauffe-eau Paris 14 Plombier chauffagiste Paris 14\"},{\"@type\":\"BreadcrumbList\",\"@id\":\"https:\/\/metapro-service.fr\/index.php\/produit\/chaudiere-electrique-2-a-8-kw-reglable-kospel\/#breadcrumb\",\"itemListElement\":[{\"@type\":\"ListItem\",\"position\":1,\"name\":\"Accueil\",\"item\":\"https:\/\/metapro-service.fr\/\"},{\"@type\":\"ListItem\",\"position\":2,\"name\":\"Produits\",\"item\":\"https:\/\/metapro-service.fr\/index.php\/boutique\/\"},{\"@type\":\"ListItem\",\"position\":3,\"name\":\"Chaudi\u00e8re \u00e9lectrique 2 \u00e0 8 kW r\u00e9glable Kospel\"}]},{\"@type\":\"WebSite\",\"@id\":\"https:\/\/metapro-service.fr\/#website\",\"url\":\"https:\/\/metapro-service.fr\/\",\"name\":\"Metapro services\",\"description\":\"\",\"publisher\":{\"@id\":\"https:\/\/metapro-service.fr\/#organization\"},\"potentialAction\":[{\"@type\":\"SearchAction\",\"target\":{\"@type\":\"EntryPoint\",\"urlTemplate\":\"https:\/\/metapro-service.fr\/?s={search_term_string}\"},\"query-input\":{\"@type\":\"PropertyValueSpecification\",\"valueRequired\":true,\"valueName\":\"search_term_string\"}}],\"inLanguage\":\"fr-FR\"},{\"@type\":\"Organization\",\"@id\":\"https:\/\/metapro-service.fr\/#organization\",\"name\":\"Metapro services\",\"alternateName\":\"Plombier Paris\",\"url\":\"https:\/\/metapro-service.fr\/\",\"logo\":{\"@type\":\"ImageObject\",\"inLanguage\":\"fr-FR\",\"@id\":\"https:\/\/metapro-service.fr\/#\/schema\/logo\/image\/\",\"url\":\"https:\/\/metapro-service.fr\/wp-content\/uploads\/2024\/09\/cropped-LOGO.jpg\",\"contentUrl\":\"https:\/\/metapro-service.fr\/wp-content\/uploads\/2024\/09\/cropped-LOGO.jpg\",\"width\":491,\"height\":231,\"caption\":\"Metapro services\"},\"image\":{\"@id\":\"https:\/\/metapro-service.fr\/#\/schema\/logo\/image\/\"},\"sameAs\":[\"https:\/\/www.facebook.com\/profile.php?id=61565459049500&is_tour_dismissed\",\"https:\/\/x.com\/MetaproService\"]}]}<\/script>\n<!-- \/ Yoast SEO plugin. -->","yoast_head_json":{"title":"Chaudi\u00e8re \u00e9lectrique 2 \u00e0 8 kW r\u00e9glable Kospel -","robots":{"index":"index","follow":"follow","max-snippet":"max-snippet:-1","max-image-preview":"max-image-preview:large","max-video-preview":"max-video-preview:-1"},"canonical":"https:\/\/metapro-service.fr\/index.php\/produit\/chaudiere-electrique-2-a-8-kw-reglable-kospel\/","og_locale":"fr_FR","og_type":"article","og_title":"Chaudi\u00e8re \u00e9lectrique 2 \u00e0 8 kW r\u00e9glable Kospel -","og_description":"Caract\u00e9ristiques principales    Chaudi\u00e8re \u00e9lectrique Kospel avec modulation \u00e9lectronique, id\u00e9ale pour le chauffage de radiateurs et planchers chauffants.  Compatibilit\u00e9 avec un thermostat d'ambiance pour une gestion pr\u00e9cise de la temp\u00e9rature.  Puissance r\u00e9glable de 2 \u00e0 8 kW en 230 V, offrant une souplesse d'utilisation en fonction des besoins.  Temp\u00e9rature de sortie r\u00e9glable de 20 \u00e0 85 \u00b0C, adapt\u00e9e \u00e0 diverses applications de chauffage.  Classe \u00e9nerg\u00e9tique D, conforme aux normes CE, avec une garantie de 2 ans.  Format compact (H x L x P : 71,6 x 31,6 x 23,5 cm) avec un vase d'expansion int\u00e9gr\u00e9 de 5 litres, facilitant une installation discr\u00e8te et optimis\u00e9e dans les espaces restreints.","og_url":"https:\/\/metapro-service.fr\/index.php\/produit\/chaudiere-electrique-2-a-8-kw-reglable-kospel\/","article_publisher":"https:\/\/www.facebook.com\/profile.php?id=61565459049500&is_tour_dismissed","article_modified_time":"2024-11-06T19:23:28+00:00","og_image":[{"width":500,"height":500,"url":"https:\/\/metapro-service.fr\/wp-content\/uploads\/2024\/10\/6-3.png","type":"image\/png"}],"twitter_card":"summary_large_image","twitter_site":"@MetaproService","twitter_misc":{"Dur\u00e9e de lecture estim\u00e9e":"1 minute"},"schema":{"@context":"https:\/\/schema.org","@graph":[{"@type":"WebPage","@id":"https:\/\/metapro-service.fr\/index.php\/produit\/chaudiere-electrique-2-a-8-kw-reglable-kospel\/","url":"https:\/\/metapro-service.fr\/index.php\/produit\/chaudiere-electrique-2-a-8-kw-reglable-kospel\/","name":"Chaudi\u00e8re \u00e9lectrique 2 \u00e0 8 kW r\u00e9glable Kospel -","isPartOf":{"@id":"https:\/\/metapro-service.fr\/#website"},"primaryImageOfPage":{"@id":"https:\/\/metapro-service.fr\/index.php\/produit\/chaudiere-electrique-2-a-8-kw-reglable-kospel\/#primaryimage"},"image":{"@id":"https:\/\/metapro-service.fr\/index.php\/produit\/chaudiere-electrique-2-a-8-kw-reglable-kospel\/#primaryimage"},"thumbnailUrl":"https:\/\/metapro-service.fr\/wp-content\/uploads\/2024\/10\/6-3.png","datePublished":"2024-10-10T13:26:01+00:00","dateModified":"2024-11-06T19:23:28+00:00","breadcrumb":{"@id":"https:\/\/metapro-service.fr\/index.php\/produit\/chaudiere-electrique-2-a-8-kw-reglable-kospel\/#breadcrumb"},"inLanguage":"fr-FR","potentialAction":[{"@type":"ReadAction","target":["https:\/\/metapro-service.fr\/index.php\/produit\/chaudiere-electrique-2-a-8-kw-reglable-kospel\/"]}]},{"@type":"ImageObject","inLanguage":"fr-FR","@id":"https:\/\/metapro-service.fr\/index.php\/produit\/chaudiere-electrique-2-a-8-kw-reglable-kospel\/#primaryimage","url":"https:\/\/metapro-service.fr\/wp-content\/uploads\/2024\/10\/6-3.png","contentUrl":"https:\/\/metapro-service.fr\/wp-content\/uploads\/2024\/10\/6-3.png","width":500,"height":500,"caption":"Plombier Plombier14 Metapro service meta pro service metaproservice Plombier14e Plombier14\u00e9me Plombier paris Plombier 14\u00e9me arrondissement Plombier14e paris magasin de service plombier paris chaudi\u00e8re entretien de chaudi\u00e8re chauffagiste \u00e9lectricien Plombier Paris 14 Plombier 14\u00e8me arrondissement Urgence plomberie Paris 14 R\u00e9paration fuite eau Paris 14 D\u00e9bouchage canalisation 14\u00e8me Installation sanitaire Paris 14 Chauffagiste Paris 14 D\u00e9pannage plomberie 14\u00e8me Entretien chaudi\u00e8re Paris 14 Plombier pas cher Paris 14 Artisan plombier Paris 14 Plomberie g\u00e9n\u00e9rale 14\u00e8me Intervention rapide plombier 14\u00e8me Remplacement chauffe-eau Paris 14 Plombier chauffagiste Paris 14"},{"@type":"BreadcrumbList","@id":"https:\/\/metapro-service.fr\/index.php\/produit\/chaudiere-electrique-2-a-8-kw-reglable-kospel\/#breadcrumb","itemListElement":[{"@type":"ListItem","position":1,"name":"Accueil","item":"https:\/\/metapro-service.fr\/"},{"@type":"ListItem","position":2,"name":"Produits","item":"https:\/\/metapro-service.fr\/index.php\/boutique\/"},{"@type":"ListItem","position":3,"name":"Chaudi\u00e8re \u00e9lectrique 2 \u00e0 8 kW r\u00e9glable Kospel"}]},{"@type":"WebSite","@id":"https:\/\/metapro-service.fr\/#website","url":"https:\/\/metapro-service.fr\/","name":"Metapro services","description":"","publisher":{"@id":"https:\/\/metapro-service.fr\/#organization"},"potentialAction":[{"@type":"SearchAction","target":{"@type":"EntryPoint","urlTemplate":"https:\/\/metapro-service.fr\/?s={search_term_string}"},"query-input":{"@type":"PropertyValueSpecification","valueRequired":true,"valueName":"search_term_string"}}],"inLanguage":"fr-FR"},{"@type":"Organization","@id":"https:\/\/metapro-service.fr\/#organization","name":"Metapro services","alternateName":"Plombier Paris","url":"https:\/\/metapro-service.fr\/","logo":{"@type":"ImageObject","inLanguage":"fr-FR","@id":"https:\/\/metapro-service.fr\/#\/schema\/logo\/image\/","url":"https:\/\/metapro-service.fr\/wp-content\/uploads\/2024\/09\/cropped-LOGO.jpg","contentUrl":"https:\/\/metapro-service.fr\/wp-content\/uploads\/2024\/09\/cropped-LOGO.jpg","width":491,"height":231,"caption":"Metapro services"},"image":{"@id":"https:\/\/metapro-service.fr\/#\/schema\/logo\/image\/"},"sameAs":["https:\/\/www.facebook.com\/profile.php?id=61565459049500&is_tour_dismissed","https:\/\/x.com\/MetaproService"]}]}},"_links":{"self":[{"href":"https:\/\/metapro-service.fr\/index.php\/wp-json\/wp\/v2\/product\/2165","targetHints":{"allow":["GET"]}}],"collection":[{"href":"https:\/\/metapro-service.fr\/index.php\/wp-json\/wp\/v2\/product"}],"about":[{"href":"https:\/\/metapro-service.fr\/index.php\/wp-json\/wp\/v2\/types\/product"}],"wp:featuredmedia":[{"embeddable":true,"href":"https:\/\/metapro-service.fr\/index.php\/wp-json\/wp\/v2\/media\/2167"}],"wp:attachment":[{"href":"https:\/\/metapro-service.fr\/index.php\/wp-json\/wp\/v2\/media?parent=2165"}],"wp:term":[{"taxonomy":"product_cat","embeddable":true,"href":"https:\/\/metapro-service.fr\/index.php\/wp-json\/wp\/v2\/product_cat?post=2165"},{"taxonomy":"product_tag","embeddable":true,"href":"https:\/\/metapro-service.fr\/index.php\/wp-json\/wp\/v2\/product_tag?post=2165"}],"curies":[{"name":"wp","href":"https:\/\/api.w.org\/{rel}","templated":true}]}}